

{"id":85,"date":"2022-03-09T17:07:42","date_gmt":"2022-03-09T17:07:42","guid":{"rendered":"http:\/\/evbo.org\/?page_id=85"},"modified":"2022-12-20T22:41:14","modified_gmt":"2022-12-20T22:41:14","slug":"dr-mariona-graupera","status":"publish","type":"page","link":"https:\/\/evbo.org\/index.php\/dr-mariona-graupera\/","title":{"rendered":"Dr. Mariona Graupera"},"content":{"rendered":"\n<h3 class=\"wp-block-heading\"><strong>President &#8211; Economy &amp; Sponsor Group<\/strong><\/h3>\n\n\n\n<figure class=\"wp-block-image is-resized is-style-rounded\"><img fetchpriority=\"high\" decoding=\"async\" src=\"https:\/\/evboweb.files.wordpress.com\/2021\/12\/img_0962b-edited-1.jpg\" alt=\"\" class=\"wp-image-41847\" width=\"414\" height=\"459\"\/><\/figure>\n\n\n\n<p><strong><u>Affiliation<\/u><\/strong><\/p>\n\n\n\n<p>Endothelial Pathobiology and Microenvironment Group, Josep Carreras Leukaemia Research Institute, Ctra de Can Ruti, Cam\u00ed de les Escoles s\/n, 08916 Badalona, Barcelona, Spain<\/p>\n\n\n\n<p>Centro de Investigaci\u00f3n Biom\u00e9dica en Red de C\u00e1ncer (CIBERONC), Instituto de Salud Carlos III, Av. de Monforte de Lemos, 5, 28029, Madrid, Spain<\/p>\n\n\n\n<p><strong><u><strong>Biosketch<\/strong><\/u><\/strong><\/p>\n\n\n\n<p>Mariona Graupera is the head of the Endothelial Pathobiology and Microenvironment group at Josep Carreras Leukaemia Research Institute (IJC), Badalona. She completed doctoral studies at the University of Barcelona, Catalunya. Later, she worked as a postdoctoral fellow at the Ludwig Institute for Cancer Research and at the Barts Cancer Institute, in London. She established her research group as a Junior PI at the Bellvitge Biomedical Research Institute (IDIBELL). In February 2021, Dr. Graupera was recruited to IJC as a group leader.<\/p>\n\n\n\n<p><strong><u>Mission Statement<\/u><\/strong><\/p>\n\n\n\n<p>Mariona Graupera is a vascular biologist with expertise in signalling. The Graupera lab takes advantage of the PI3K pathway as a paradigm to understand how intracellular roads regulate vessel morphogenesis, and how this knowledge can be translated into therapeutic opportunities for diseases characterized by aberrant vessel growth. Specifically, we are interested in (i)understanding oncoproteins-related developmental human disorders, (ii) studying tumour-stroma interactions, and identifying vascular therapies to treat metabolic disorders.<\/p>\n\n\n\n<p><strong><u>Publications<\/u><\/strong><\/p>\n\n\n\n<p><a href=\"https:\/\/pubmed.ncbi.nlm.nih.gov\/?term=graupera+m&amp;sort=date\">https:\/\/pubmed.ncbi.nlm.nih.gov\/?term=graupera+m&amp;sort=date<\/a><\/p>\n\n\n\n<p><a href=\"https:\/\/www.scopus.com\/authid\/detail.uri?authorId=55950922800\">https:\/\/www.scopus.com\/authid\/detail.uri?authorId=55950922800<\/a><\/p>\n\n\n\n<p><a rel=\"noreferrer noopener\" href=\"http:\/\/orcid.org\/0000-0003-4608-4185\" target=\"_blank\">http:\/\/orcid.org\/0000-0003-4608-4185<\/a><\/p>\n\n\n\n<p><strong><u>Internet<\/u><\/strong><\/p>\n\n\n\n<p>Website:&nbsp;<a href=\"https:\/\/grauperalab.com\/ca\/\">https:\/\/grauperalab.com\/ca\/<\/a><\/p>\n\n\n\n<p><a href=\"https:\/\/www.carrerasresearch.org\/en\/endothelial-pathobiology-and-microenvironment_172106\">https:\/\/www.carrerasresearch.org\/en\/endothelial-pathobiology-and-microenvironment_172106<\/a><\/p>\n\n\n\n<p>Twitter: @GrauperaLab<\/p>\n","protected":false},"excerpt":{"rendered":"<p>President &#8211; Economy &amp; Sponsor Group Affiliation Endothelial Pathobiology and Microenvironment Group, Josep Carreras Leukaemia Research Institute,<\/p>\n","protected":false},"author":1,"featured_media":0,"parent":0,"menu_order":0,"comment_status":"closed","ping_status":"closed","template":"","meta":{"give_campaign_id":0,"om_disable_all_campaigns":false,"pmpro_default_level":"","_monsterinsights_skip_tracking":false,"_monsterinsights_sitenote_active":false,"_monsterinsights_sitenote_note":"","_monsterinsights_sitenote_category":0,"_uf_show_specific_survey":0,"_uf_disable_surveys":false,"_price":"","_stock":"","_tribe_ticket_header":"","_tribe_default_ticket_provider":"","_tribe_ticket_capacity":"0","_ticket_start_date":"","_ticket_end_date":"","_tribe_ticket_show_description":"","_tribe_ticket_show_not_going":false,"_tribe_ticket_use_global_stock":"","_tribe_ticket_global_stock_level":"","_global_stock_mode":"","_global_stock_cap":"","_tribe_rsvp_for_event":"","_tribe_ticket_going_count":"","_tribe_ticket_not_going_count":"","_tribe_tickets_list":"[]","_tribe_ticket_has_attendee_info_fields":false,"footnotes":"","_tec_slr_enabled":"","_tec_slr_layout":""},"class_list":["post-85","page","type-page","status-publish","hentry","pmpro-has-access"],"aioseo_notices":[],"campaignId":"","ticketed":false,"_links":{"self":[{"href":"https:\/\/evbo.org\/index.php\/wp-json\/wp\/v2\/pages\/85","targetHints":{"allow":["GET"]}}],"collection":[{"href":"https:\/\/evbo.org\/index.php\/wp-json\/wp\/v2\/pages"}],"about":[{"href":"https:\/\/evbo.org\/index.php\/wp-json\/wp\/v2\/types\/page"}],"author":[{"embeddable":true,"href":"https:\/\/evbo.org\/index.php\/wp-json\/wp\/v2\/users\/1"}],"replies":[{"embeddable":true,"href":"https:\/\/evbo.org\/index.php\/wp-json\/wp\/v2\/comments?post=85"}],"version-history":[{"count":7,"href":"https:\/\/evbo.org\/index.php\/wp-json\/wp\/v2\/pages\/85\/revisions"}],"predecessor-version":[{"id":1300,"href":"https:\/\/evbo.org\/index.php\/wp-json\/wp\/v2\/pages\/85\/revisions\/1300"}],"wp:attachment":[{"href":"https:\/\/evbo.org\/index.php\/wp-json\/wp\/v2\/media?parent=85"}],"curies":[{"name":"wp","href":"https:\/\/api.w.org\/{rel}","templated":true}]}}