

{"id":316,"date":"2022-03-12T09:46:24","date_gmt":"2022-03-12T09:46:24","guid":{"rendered":"http:\/\/evbo.org\/?page_id=316"},"modified":"2025-05-22T12:38:35","modified_gmt":"2025-05-22T12:38:35","slug":"dr-johanna-p-laakkonen","status":"publish","type":"page","link":"https:\/\/evbo.org\/index.php\/dr-johanna-p-laakkonen\/","title":{"rendered":"Dr. Johanna P. Laakkonen"},"content":{"rendered":"\n<h3 class=\"wp-block-heading\"><strong>Council Officer \u2013 Social Media and <strong>Young Investigator<\/strong><\/strong> <strong>Groups<\/strong><\/h3>\n\n\n\n<figure class=\"wp-block-image size-full is-resized is-style-rounded\"><img fetchpriority=\"high\" decoding=\"async\" width=\"500\" height=\"500\" src=\"http:\/\/evbo.org\/wp-content\/uploads\/2022\/03\/laakkonen.jpg\" alt=\"\" class=\"wp-image-317\" style=\"width:393px;height:393px\" srcset=\"https:\/\/evbo.org\/wp-content\/uploads\/2022\/03\/laakkonen.jpg 500w, https:\/\/evbo.org\/wp-content\/uploads\/2022\/03\/laakkonen-300x300.jpg 300w, https:\/\/evbo.org\/wp-content\/uploads\/2022\/03\/laakkonen-150x150.jpg 150w\" sizes=\"(max-width: 500px) 100vw, 500px\" \/><\/figure>\n\n\n\n<p><\/p>\n\n\n\n<p><strong><u>Affiliation<\/u><\/strong><\/p>\n\n\n\n<p>A.I. Virtanen Institute of Molecular Sciences<\/p>\n\n\n\n<p>University of Eastern Finland, Finland<\/p>\n\n\n\n<p><strong><u>Biosketch<\/u><\/strong><\/p>\n\n\n\n<p>Adjunct Professor of Molecular Medicine and Academy Research Fellow at University of Eastern Finland, Group Leader of Vascular Biology Research Group and Head of Adenovirus Vector Production in National Virus Vector Laboratories in Biocenter Kuopio, Finland. She was trained as PhD in Molecular Biology (University of Jyv\u00e4skyl\u00e4, Finland), and worked as a senior researcher in Prof. Seppo Yl\u00e4-Herttuala group (University of Eastern Finland, Finland) and as a post-doc researcher in Prof. Stefan Kochanek group (University Hospital of Ulm, Germany), focusing in vectorology, gene therapy, growth factors and endothelium biology.<\/p>\n\n\n\n<p><strong><u>Mission statement<\/u><\/strong><\/p>\n\n\n\n<p>The Laakkonen group &nbsp;studies:&nbsp;1) causal effects and mechanisms of vascular lesions and aortic aneurysms, particularly cellular crosstalk and flow-induced tissue re-modelling; 2) Growth factors and Hippo signaling pathway in vascular diseases; and 3) targeted therapeutics to modulate vascular growth.<\/p>\n\n\n\n<p><strong><u>Publications<\/u><\/strong><\/p>\n\n\n\n<p><a href=\"https:\/\/www.scopus.com\/authid\/detail.uri?authorId=23485716800\">https:\/\/www.scopus.com\/authid\/detail.uri?authorId=23485716800<\/a><\/p>\n\n\n\n<p><strong><u>Internet<\/u><\/strong><\/p>\n\n\n\n<p>Web:&nbsp;<a rel=\"noreferrer noopener\" href=\"https:\/\/uefconnect.uef.fi\/en\/group\/vascular-biology-laakkonen\/\" target=\"_blank\">https:\/\/uefconnect.uef.fi\/en\/group\/vascular-biology-laakkonen\/<\/a><\/p>\n\n\n\n<p><a href=\"https:\/\/www.uef.fi\/en\/service\/national-virus-vector-laboratory\">https:\/\/www.uef.fi\/en\/service\/national-virus-vector-laboratory<\/a><\/p>\n\n\n\n<p>Twitter: @GroupLaakkonen<\/p>\n","protected":false},"excerpt":{"rendered":"<p>Council Officer \u2013 Social Media and Young Investigator Groups Affiliation A.I. Virtanen Institute of Molecular Sciences University of Eastern Finland, Fin<\/p>\n","protected":false},"author":1,"featured_media":0,"parent":0,"menu_order":0,"comment_status":"closed","ping_status":"closed","template":"","meta":{"give_campaign_id":0,"om_disable_all_campaigns":false,"pmpro_default_level":"","_monsterinsights_skip_tracking":false,"_monsterinsights_sitenote_active":false,"_monsterinsights_sitenote_note":"","_monsterinsights_sitenote_category":0,"_uf_show_specific_survey":0,"_uf_disable_surveys":false,"_price":"","_stock":"","_tribe_ticket_header":"","_tribe_default_ticket_provider":"","_tribe_ticket_capacity":"0","_ticket_start_date":"","_ticket_end_date":"","_tribe_ticket_show_description":"","_tribe_ticket_show_not_going":false,"_tribe_ticket_use_global_stock":"","_tribe_ticket_global_stock_level":"","_global_stock_mode":"","_global_stock_cap":"","_tribe_rsvp_for_event":"","_tribe_ticket_going_count":"","_tribe_ticket_not_going_count":"","_tribe_tickets_list":"[]","_tribe_ticket_has_attendee_info_fields":false,"footnotes":"","_tec_slr_enabled":"","_tec_slr_layout":""},"class_list":["post-316","page","type-page","status-publish","hentry","pmpro-has-access"],"aioseo_notices":[],"campaignId":"","ticketed":false,"_links":{"self":[{"href":"https:\/\/evbo.org\/index.php\/wp-json\/wp\/v2\/pages\/316","targetHints":{"allow":["GET"]}}],"collection":[{"href":"https:\/\/evbo.org\/index.php\/wp-json\/wp\/v2\/pages"}],"about":[{"href":"https:\/\/evbo.org\/index.php\/wp-json\/wp\/v2\/types\/page"}],"author":[{"embeddable":true,"href":"https:\/\/evbo.org\/index.php\/wp-json\/wp\/v2\/users\/1"}],"replies":[{"embeddable":true,"href":"https:\/\/evbo.org\/index.php\/wp-json\/wp\/v2\/comments?post=316"}],"version-history":[{"count":6,"href":"https:\/\/evbo.org\/index.php\/wp-json\/wp\/v2\/pages\/316\/revisions"}],"predecessor-version":[{"id":2962,"href":"https:\/\/evbo.org\/index.php\/wp-json\/wp\/v2\/pages\/316\/revisions\/2962"}],"wp:attachment":[{"href":"https:\/\/evbo.org\/index.php\/wp-json\/wp\/v2\/media?parent=316"}],"curies":[{"name":"wp","href":"https:\/\/api.w.org\/{rel}","templated":true}]}}