

{"id":312,"date":"2022-03-12T09:39:37","date_gmt":"2022-03-12T09:39:37","guid":{"rendered":"http:\/\/evbo.org\/?page_id=312"},"modified":"2022-03-12T09:39:37","modified_gmt":"2022-03-12T09:39:37","slug":"prof-friedemann-kiefer","status":"publish","type":"page","link":"https:\/\/evbo.org\/index.php\/prof-friedemann-kiefer\/","title":{"rendered":"Prof. Friedemann Kiefer"},"content":{"rendered":"\n<h3 class=\"wp-block-heading\">Council Officer \u2013 Publication Highlight Group<\/h3>\n\n\n\n<figure class=\"wp-block-image is-style-default\"><img decoding=\"async\" src=\"https:\/\/evboweb.files.wordpress.com\/2017\/07\/friedemann-kiefer-2.jpg?w=301\" alt=\"\" class=\"wp-image-501\"\/><\/figure>\n\n\n\n<p><strong><u>Affiliation<\/u><\/strong><\/p>\n\n\n\n<p>European Institute for Molecular Imaging (EIMI)<\/p>\n\n\n\n<p>University of M\u00fcnster, Germany.<\/p>\n\n\n\n<p><strong><u>Biosketch<\/u><\/strong><\/p>\n\n\n\n<p>Friedemann Kiefer is Professor for Intravital Molecular Imaging at the European Institute for Molecular Imaging (EIMI) at the WWU, M\u00fcnster. After his training in Biochemistry and Physiological Chemistry (T\u00fcbingen), he obtained his PhD from the I.M.P. Vienna and the University of T\u00fcbingen. He subsequently was a post-doctoral fellow at the Ontario Cancer Institute and Samuel Lunenfeld Research Institute (Toronto, Canada). Returning from Canada he joined the MPI for Physiological and Clinical Research (Bad Nauheim, Germany) and subsequently moved to M\u00fcnster, were he headed the Mammalian Cell Signaling Group, at the MPI for Molecular Biomedicine from 2002 to 2017. Since August 2017, he is a director at the EIMI.<\/p>\n\n\n\n<p><strong><u>Mission statement<\/u><\/strong><\/p>\n\n\n\n<p>At the EIMI our group continues to focus on morphogenetic processes that shape and maintain the vascular systems, especially during the tissue specific development and function of lymphatic vessels. More recently besides developmental processes, we have turned to physiological and pathophysiological processes during adult life, in particular inflammation, where the interplay of blood and lymphatic vessels, tissue oxygenation and leukocytes is crucial for the maintenance of organ function.<\/p>\n\n\n\n<p><strong><u>Publications<\/u><\/strong><\/p>\n\n\n\n<p><a href=\"https:\/\/pubmed.ncbi.nlm.nih.gov\/?term=Friedemann+Kiefer\">https:\/\/pubmed.ncbi.nlm.nih.gov\/?term=Friedemann+Kiefer<\/a><\/p>\n\n\n\n<p><strong><u>Internet<\/u><\/strong><\/p>\n\n\n\n<p>Web:&nbsp;<a rel=\"noreferrer noopener\" href=\"https:\/\/www.uni-muenster.de\/EIMI\/research\/kiefer-f.php\" target=\"_blank\">https:\/\/www.uni-muenster.de\/EIMI\/research\/kiefer-f.php<\/a><\/p>\n","protected":false},"excerpt":{"rendered":"<p>Council Officer \u2013 Publication Highlight Group Affiliation European Institute for Molecular Imaging (EIMI) University of M\u00fcnster, Germany. Biosketch Frie<\/p>\n","protected":false},"author":1,"featured_media":0,"parent":0,"menu_order":0,"comment_status":"closed","ping_status":"closed","template":"","meta":{"give_campaign_id":0,"om_disable_all_campaigns":false,"pmpro_default_level":"","_monsterinsights_skip_tracking":false,"_monsterinsights_sitenote_active":false,"_monsterinsights_sitenote_note":"","_monsterinsights_sitenote_category":0,"_uf_show_specific_survey":0,"_uf_disable_surveys":false,"_price":"","_stock":"","_tribe_ticket_header":"","_tribe_default_ticket_provider":"","_tribe_ticket_capacity":"0","_ticket_start_date":"","_ticket_end_date":"","_tribe_ticket_show_description":"","_tribe_ticket_show_not_going":false,"_tribe_ticket_use_global_stock":"","_tribe_ticket_global_stock_level":"","_global_stock_mode":"","_global_stock_cap":"","_tribe_rsvp_for_event":"","_tribe_ticket_going_count":"","_tribe_ticket_not_going_count":"","_tribe_tickets_list":"[]","_tribe_ticket_has_attendee_info_fields":false,"footnotes":"","_tec_slr_enabled":"","_tec_slr_layout":""},"class_list":["post-312","page","type-page","status-publish","hentry","pmpro-has-access"],"aioseo_notices":[],"campaignId":"","ticketed":false,"_links":{"self":[{"href":"https:\/\/evbo.org\/index.php\/wp-json\/wp\/v2\/pages\/312","targetHints":{"allow":["GET"]}}],"collection":[{"href":"https:\/\/evbo.org\/index.php\/wp-json\/wp\/v2\/pages"}],"about":[{"href":"https:\/\/evbo.org\/index.php\/wp-json\/wp\/v2\/types\/page"}],"author":[{"embeddable":true,"href":"https:\/\/evbo.org\/index.php\/wp-json\/wp\/v2\/users\/1"}],"replies":[{"embeddable":true,"href":"https:\/\/evbo.org\/index.php\/wp-json\/wp\/v2\/comments?post=312"}],"version-history":[{"count":1,"href":"https:\/\/evbo.org\/index.php\/wp-json\/wp\/v2\/pages\/312\/revisions"}],"predecessor-version":[{"id":314,"href":"https:\/\/evbo.org\/index.php\/wp-json\/wp\/v2\/pages\/312\/revisions\/314"}],"wp:attachment":[{"href":"https:\/\/evbo.org\/index.php\/wp-json\/wp\/v2\/media?parent=312"}],"curies":[{"name":"wp","href":"https:\/\/api.w.org\/{rel}","templated":true}]}}