

{"id":139,"date":"2022-03-09T17:28:29","date_gmt":"2022-03-09T17:28:29","guid":{"rendered":"http:\/\/evbo.org\/?page_id=139"},"modified":"2022-10-09T08:56:46","modified_gmt":"2022-10-09T08:56:46","slug":"member-highlight","status":"publish","type":"page","link":"https:\/\/evbo.org\/index.php\/member-highlight\/","title":{"rendered":"Member Highlights"},"content":{"rendered":"\n<div class=\"wp-block-media-text alignwide is-stacked-on-mobile is-image-fill\" style=\"grid-template-columns:24% auto\"><figure class=\"wp-block-media-text__media\" style=\"background-image:url(http:\/\/evbo.org\/wp-content\/uploads\/2022\/05\/Dr-Bong-Ihn-Koh.jpeg);background-position:50% 50%\"><a href=\"http:\/\/evbo.org\/index.php\/spotlight-on-dr-bong-ihn-koh\/\"><img fetchpriority=\"high\" decoding=\"async\" width=\"442\" height=\"640\" src=\"http:\/\/evbo.org\/wp-content\/uploads\/2022\/05\/Dr-Bong-Ihn-Koh.jpeg\" alt=\"\" class=\"wp-image-571 size-full\" srcset=\"https:\/\/evbo.org\/wp-content\/uploads\/2022\/05\/Dr-Bong-Ihn-Koh.jpeg 442w, https:\/\/evbo.org\/wp-content\/uploads\/2022\/05\/Dr-Bong-Ihn-Koh-207x300.jpeg 207w\" sizes=\"(max-width: 442px) 100vw, 442px\" \/><\/a><\/figure><div class=\"wp-block-media-text__content\">\n<p style=\"font-size:28px\"><strong>Dr. Bong-Ihn Koh<\/strong><\/p>\n<\/div><\/div>\n\n\n\n<div class=\"wp-block-media-text alignwide has-media-on-the-right is-stacked-on-mobile is-image-fill\" style=\"grid-template-columns:auto 24%\"><figure class=\"wp-block-media-text__media\" style=\"background-image:url(http:\/\/evbo.org\/wp-content\/uploads\/2022\/05\/Dr-Sinem-Karaman-kp.webp);background-position:50% 50%\"><a href=\"http:\/\/evbo.org\/index.php\/spotlight-on-dr-sinem-karaman\/\"><img decoding=\"async\" width=\"442\" height=\"646\" src=\"http:\/\/evbo.org\/wp-content\/uploads\/2022\/05\/Dr-Sinem-Karaman-kp.webp\" alt=\"\" class=\"wp-image-583 size-full\" srcset=\"https:\/\/evbo.org\/wp-content\/uploads\/2022\/05\/Dr-Sinem-Karaman-kp.webp 442w, https:\/\/evbo.org\/wp-content\/uploads\/2022\/05\/Dr-Sinem-Karaman-kp-205x300.webp 205w\" sizes=\"(max-width: 442px) 100vw, 442px\" \/><\/a><\/figure><div class=\"wp-block-media-text__content\">\n<p style=\"font-size:28px\"><strong>Dr. Sinem Karaman<\/strong><\/p>\n<\/div><\/div>\n\n\n\n<div class=\"wp-block-media-text alignwide is-stacked-on-mobile is-image-fill\" style=\"grid-template-columns:24% auto\"><figure class=\"wp-block-media-text__media\" style=\"background-image:url(http:\/\/evbo.org\/wp-content\/uploads\/2022\/05\/gcosta-sp3.jpg);background-position:50% 50%\"><a href=\"http:\/\/evbo.org\/index.php\/spotlight-on-dr-guilherme-costa\/\"><img decoding=\"async\" width=\"442\" height=\"640\" src=\"http:\/\/evbo.org\/wp-content\/uploads\/2022\/05\/gcosta-sp3.jpg\" alt=\"\" class=\"wp-image-596 size-full\" srcset=\"https:\/\/evbo.org\/wp-content\/uploads\/2022\/05\/gcosta-sp3.jpg 442w, https:\/\/evbo.org\/wp-content\/uploads\/2022\/05\/gcosta-sp3-207x300.jpg 207w\" sizes=\"(max-width: 442px) 100vw, 442px\" \/><\/a><\/figure><div class=\"wp-block-media-text__content\">\n<p style=\"font-size:28px\"><strong>Dr. Guilherme Costa<\/strong><\/p>\n<\/div><\/div>\n\n\n\n<div class=\"wp-block-media-text alignwide has-media-on-the-right is-stacked-on-mobile is-image-fill\" style=\"grid-template-columns:auto 24%\"><figure class=\"wp-block-media-text__media\" style=\"background-image:url(http:\/\/evbo.org\/wp-content\/uploads\/2022\/05\/cecilia-sahlgren.png);background-position:50% 50%\"><a href=\"http:\/\/evbo.org\/index.php\/spotlight-on-prof-cecilia-sahlgren\/\"><img loading=\"lazy\" decoding=\"async\" width=\"442\" height=\"640\" src=\"http:\/\/evbo.org\/wp-content\/uploads\/2022\/05\/cecilia-sahlgren.png\" alt=\"\" class=\"wp-image-603 size-full\" srcset=\"https:\/\/evbo.org\/wp-content\/uploads\/2022\/05\/cecilia-sahlgren.png 442w, https:\/\/evbo.org\/wp-content\/uploads\/2022\/05\/cecilia-sahlgren-207x300.png 207w\" sizes=\"(max-width: 442px) 100vw, 442px\" \/><\/a><\/figure><div class=\"wp-block-media-text__content\">\n<p style=\"font-size:28px\"><strong>Prof. Cecilia Sahlgren<\/strong><\/p>\n<\/div><\/div>\n\n\n\n<div class=\"wp-block-media-text alignwide is-stacked-on-mobile is-image-fill\" style=\"grid-template-columns:24% auto\"><figure class=\"wp-block-media-text__media\" style=\"background-image:url(http:\/\/evbo.org\/wp-content\/uploads\/2022\/05\/presta-sp1.png);background-position:50% 50%\"><a href=\"http:\/\/evbo.org\/index.php\/spotlight-on-prof-marco-presta\/\"><img loading=\"lazy\" decoding=\"async\" width=\"442\" height=\"640\" src=\"http:\/\/evbo.org\/wp-content\/uploads\/2022\/05\/presta-sp1.png\" alt=\"\" class=\"wp-image-617 size-full\" srcset=\"https:\/\/evbo.org\/wp-content\/uploads\/2022\/05\/presta-sp1.png 442w, https:\/\/evbo.org\/wp-content\/uploads\/2022\/05\/presta-sp1-207x300.png 207w\" sizes=\"(max-width: 442px) 100vw, 442px\" \/><\/a><\/figure><div class=\"wp-block-media-text__content\">\n<p style=\"font-size:28px\"><strong>Prof. Marco Presta<\/strong><\/p>\n<\/div><\/div>\n\n\n\n<div class=\"wp-block-media-text alignwide has-media-on-the-right is-stacked-on-mobile is-image-fill\" style=\"grid-template-columns:auto 24%\"><figure class=\"wp-block-media-text__media\" style=\"background-image:url(http:\/\/evbo.org\/wp-content\/uploads\/2022\/05\/mina-sp.png);background-position:50% 50%\"><a href=\"http:\/\/evbo.org\/index.php\/spotlight-on-dr-minna-kaikkonen-maatta\/\"><img loading=\"lazy\" decoding=\"async\" width=\"442\" height=\"640\" src=\"http:\/\/evbo.org\/wp-content\/uploads\/2022\/05\/mina-sp.png\" alt=\"\" class=\"wp-image-616 size-full\" srcset=\"https:\/\/evbo.org\/wp-content\/uploads\/2022\/05\/mina-sp.png 442w, https:\/\/evbo.org\/wp-content\/uploads\/2022\/05\/mina-sp-207x300.png 207w\" sizes=\"(max-width: 442px) 100vw, 442px\" \/><\/a><\/figure><div class=\"wp-block-media-text__content\">\n<p style=\"font-size:28px\"><strong>Dr. Minna Kaikkonen-M\u00e4\u00e4tt\u00e4<\/strong><\/p>\n<\/div><\/div>\n","protected":false},"excerpt":{"rendered":"<p>Dr. Bong-Ihn Koh Dr. Sinem Karaman Dr. Guilherme Costa Prof. Cecilia Sahlgren Prof. Marco Presta Dr. Minna Kaikkonen-M\u00e4\u00e4tt\u00e4<\/p>\n","protected":false},"author":1,"featured_media":0,"parent":0,"menu_order":0,"comment_status":"closed","ping_status":"closed","template":"","meta":{"give_campaign_id":0,"om_disable_all_campaigns":false,"pmpro_default_level":"","_monsterinsights_skip_tracking":false,"_monsterinsights_sitenote_active":false,"_monsterinsights_sitenote_note":"","_monsterinsights_sitenote_category":0,"_uf_show_specific_survey":0,"_uf_disable_surveys":false,"_price":"","_stock":"","_tribe_ticket_header":"","_tribe_default_ticket_provider":"","_tribe_ticket_capacity":"0","_ticket_start_date":"","_ticket_end_date":"","_tribe_ticket_show_description":"","_tribe_ticket_show_not_going":false,"_tribe_ticket_use_global_stock":"","_tribe_ticket_global_stock_level":"","_global_stock_mode":"","_global_stock_cap":"","_tribe_rsvp_for_event":"","_tribe_ticket_going_count":"","_tribe_ticket_not_going_count":"","_tribe_tickets_list":"[]","_tribe_ticket_has_attendee_info_fields":false,"footnotes":"","_tec_slr_enabled":"","_tec_slr_layout":""},"class_list":["post-139","page","type-page","status-publish","hentry","pmpro-has-access"],"aioseo_notices":[],"campaignId":"","ticketed":false,"_links":{"self":[{"href":"https:\/\/evbo.org\/index.php\/wp-json\/wp\/v2\/pages\/139","targetHints":{"allow":["GET"]}}],"collection":[{"href":"https:\/\/evbo.org\/index.php\/wp-json\/wp\/v2\/pages"}],"about":[{"href":"https:\/\/evbo.org\/index.php\/wp-json\/wp\/v2\/types\/page"}],"author":[{"embeddable":true,"href":"https:\/\/evbo.org\/index.php\/wp-json\/wp\/v2\/users\/1"}],"replies":[{"embeddable":true,"href":"https:\/\/evbo.org\/index.php\/wp-json\/wp\/v2\/comments?post=139"}],"version-history":[{"count":9,"href":"https:\/\/evbo.org\/index.php\/wp-json\/wp\/v2\/pages\/139\/revisions"}],"predecessor-version":[{"id":890,"href":"https:\/\/evbo.org\/index.php\/wp-json\/wp\/v2\/pages\/139\/revisions\/890"}],"wp:attachment":[{"href":"https:\/\/evbo.org\/index.php\/wp-json\/wp\/v2\/media?parent=139"}],"curies":[{"name":"wp","href":"https:\/\/api.w.org\/{rel}","templated":true}]}}